{"id":696,"date":"2023-03-31T13:29:18","date_gmt":"2023-03-31T13:29:18","guid":{"rendered":"https:\/\/andaluz-corazon.de\/?page_id=696"},"modified":"2025-11-05T08:48:06","modified_gmt":"2025-11-05T08:48:06","slug":"ueber-uns","status":"publish","type":"page","link":"https:\/\/andaluz-corazon.de\/es\/ueber-uns\/","title":{"rendered":"Acerca de nosotros"},"content":{"rendered":"<div data-elementor-type=\"wp-page\" data-elementor-id=\"696\" class=\"elementor elementor-696\" data-elementor-post-type=\"page\">\n\t\t\t\t<div class=\"elementor-element elementor-element-b48aff1 e-ecs-flex e-flex e-con-boxed e-con e-parent\" data-id=\"b48aff1\" data-element_type=\"container\" data-e-type=\"container\" data-settings=\"{&quot;background_background&quot;:&quot;classic&quot;,&quot;ecs_container_type&quot;:&quot;flex&quot;}\">\n\t\t\t\t\t<div class=\"e-con-inner\">\n\t\t\t\t<div class=\"elementor-element elementor-element-1ff067e shine elementor-widget elementor-widget-heading\" data-id=\"1ff067e\" data-element_type=\"widget\" data-e-type=\"widget\" data-settings=\"{&quot;motion_fx_motion_fx_scrolling&quot;:&quot;yes&quot;,&quot;motion_fx_translateX_effect&quot;:&quot;yes&quot;,&quot;motion_fx_translateX_speed&quot;:{&quot;unit&quot;:&quot;px&quot;,&quot;size&quot;:0.5,&quot;sizes&quot;:[]},&quot;motion_fx_translateX_affectedRange&quot;:{&quot;unit&quot;:&quot;%&quot;,&quot;size&quot;:&quot;&quot;,&quot;sizes&quot;:{&quot;start&quot;:0,&quot;end&quot;:100}},&quot;motion_fx_devices&quot;:[&quot;desktop&quot;,&quot;tablet&quot;,&quot;mobile&quot;]}\" data-widget_type=\"heading.default\">\n\t\t\t\t<div class=\"elementor-widget-container\">\n\t\t\t\t\t<h1 class=\"elementor-heading-title elementor-size-default\">Willkommen bei<\/h1>\t\t\t\t<\/div>\n\t\t\t\t<\/div>\n\t\t\t\t<div class=\"elementor-element elementor-element-58d9838 shine e-transform elementor-widget elementor-widget-heading\" data-id=\"58d9838\" data-element_type=\"widget\" data-e-type=\"widget\" data-settings=\"{&quot;motion_fx_motion_fx_scrolling&quot;:&quot;yes&quot;,&quot;motion_fx_translateX_effect&quot;:&quot;yes&quot;,&quot;motion_fx_translateX_direction&quot;:&quot;negative&quot;,&quot;motion_fx_translateX_speed&quot;:{&quot;unit&quot;:&quot;px&quot;,&quot;size&quot;:0.4,&quot;sizes&quot;:[]},&quot;_transform_translateX_effect&quot;:{&quot;unit&quot;:&quot;px&quot;,&quot;size&quot;:54,&quot;sizes&quot;:[]},&quot;motion_fx_translateX_affectedRange&quot;:{&quot;unit&quot;:&quot;%&quot;,&quot;size&quot;:&quot;&quot;,&quot;sizes&quot;:{&quot;start&quot;:0,&quot;end&quot;:100}},&quot;motion_fx_devices&quot;:[&quot;desktop&quot;,&quot;tablet&quot;,&quot;mobile&quot;],&quot;_transform_translateX_effect_tablet&quot;:{&quot;unit&quot;:&quot;px&quot;,&quot;size&quot;:&quot;&quot;,&quot;sizes&quot;:[]},&quot;_transform_translateX_effect_mobile&quot;:{&quot;unit&quot;:&quot;px&quot;,&quot;size&quot;:&quot;&quot;,&quot;sizes&quot;:[]},&quot;_transform_translateY_effect&quot;:{&quot;unit&quot;:&quot;px&quot;,&quot;size&quot;:&quot;&quot;,&quot;sizes&quot;:[]},&quot;_transform_translateY_effect_tablet&quot;:{&quot;unit&quot;:&quot;px&quot;,&quot;size&quot;:&quot;&quot;,&quot;sizes&quot;:[]},&quot;_transform_translateY_effect_mobile&quot;:{&quot;unit&quot;:&quot;px&quot;,&quot;size&quot;:&quot;&quot;,&quot;sizes&quot;:[]}}\" data-widget_type=\"heading.default\">\n\t\t\t\t<div class=\"elementor-widget-container\">\n\t\t\t\t\t<h1 class=\"elementor-heading-title elementor-size-default\">Andaluz de Corazon<\/h1>\t\t\t\t<\/div>\n\t\t\t\t<\/div>\n\t\t<div class=\"elementor-element elementor-element-85c7605 e-ecs-flex e-flex e-con-boxed e-con e-child\" data-id=\"85c7605\" data-element_type=\"container\" data-e-type=\"container\" data-settings=\"{&quot;ecs_container_type&quot;:&quot;flex&quot;}\">\n\t\t\t\t\t<div class=\"e-con-inner\">\n\t\t\t\t<div class=\"elementor-element elementor-element-4e08b9a shine e-transform elementor-widget elementor-widget-heading\" data-id=\"4e08b9a\" data-element_type=\"widget\" data-e-type=\"widget\" data-settings=\"{&quot;motion_fx_motion_fx_scrolling&quot;:&quot;yes&quot;,&quot;motion_fx_translateX_effect&quot;:&quot;yes&quot;,&quot;motion_fx_translateX_speed&quot;:{&quot;unit&quot;:&quot;px&quot;,&quot;size&quot;:0.2,&quot;sizes&quot;:[]},&quot;_transform_translateX_effect&quot;:{&quot;unit&quot;:&quot;px&quot;,&quot;size&quot;:-54,&quot;sizes&quot;:[]},&quot;motion_fx_translateX_affectedRange&quot;:{&quot;unit&quot;:&quot;%&quot;,&quot;size&quot;:&quot;&quot;,&quot;sizes&quot;:{&quot;start&quot;:0,&quot;end&quot;:100}},&quot;motion_fx_devices&quot;:[&quot;desktop&quot;,&quot;tablet&quot;,&quot;mobile&quot;],&quot;_transform_translateX_effect_tablet&quot;:{&quot;unit&quot;:&quot;px&quot;,&quot;size&quot;:&quot;&quot;,&quot;sizes&quot;:[]},&quot;_transform_translateX_effect_mobile&quot;:{&quot;unit&quot;:&quot;px&quot;,&quot;size&quot;:&quot;&quot;,&quot;sizes&quot;:[]},&quot;_transform_translateY_effect&quot;:{&quot;unit&quot;:&quot;px&quot;,&quot;size&quot;:&quot;&quot;,&quot;sizes&quot;:[]},&quot;_transform_translateY_effect_tablet&quot;:{&quot;unit&quot;:&quot;px&quot;,&quot;size&quot;:&quot;&quot;,&quot;sizes&quot;:[]},&quot;_transform_translateY_effect_mobile&quot;:{&quot;unit&quot;:&quot;px&quot;,&quot;size&quot;:&quot;&quot;,&quot;sizes&quot;:[]}}\" data-widget_type=\"heading.default\">\n\t\t\t\t<div class=\"elementor-widget-container\">\n\t\t\t\t\t<h1 class=\"elementor-heading-title elementor-size-default\">- Der Spanischer Pferdestall -<\/h1>\t\t\t\t<\/div>\n\t\t\t\t<\/div>\n\t\t\t\t\t<\/div>\n\t\t\t\t<\/div>\n\t\t\t\t\t<\/div>\n\t\t\t\t<\/div>\n\t\t<div class=\"elementor-element elementor-element-d7507ad e-ecs-flex e-flex e-con-boxed e-con e-parent\" data-id=\"d7507ad\" data-element_type=\"container\" data-e-type=\"container\" data-settings=\"{&quot;ecs_container_type&quot;:&quot;flex&quot;}\">\n\t\t\t\t\t<div class=\"e-con-inner\">\n\t\t\t\t<div class=\"elementor-element elementor-element-1489569 elementor-widget elementor-widget-text-editor\" data-id=\"1489569\" data-element_type=\"widget\" data-e-type=\"widget\" data-widget_type=\"text-editor.default\">\n\t\t\t\t<div class=\"elementor-widget-container\">\n\t\t\t\t\t\t\t\t\t<p>Wir sind ein Team von Pferdeliebhabern, das es sich zur Aufgabe gemacht hat, eine einzigartige Beziehung zwischen Mensch und Pferd zu schaffen. F\u00fcr uns ist die Arbeit mit Pferden eine Herzensangelegenheit und wir setzen uns jeden Tag mit Leidenschaft und Engagement f\u00fcr das Wohlergehen unserer Vierbeiner ein.<\/p>\n<p>Bei uns stehen die Bed\u00fcrfnisse der Pferde immer an erster Stelle. Wir sind der festen \u00dcberzeugung, dass ein gl\u00fcckliches Pferd auch ein gesundes und leistungsf\u00e4higes Pferd ist. Deshalb legen wir gro\u00dfen Wert auf eine artgerechte Haltung und eine individuelle, ganzheitliche Ausbildung.<\/p>\t\t\t\t\t\t\t\t<\/div>\n\t\t\t\t<\/div>\n\t\t\t\t<div class=\"elementor-element elementor-element-b637dcc elementor-widget-divider--view-line_icon elementor-view-default elementor-widget-divider--element-align-center elementor-widget elementor-widget-divider\" data-id=\"b637dcc\" data-element_type=\"widget\" data-e-type=\"widget\" data-widget_type=\"divider.default\">\n\t\t\t\t<div class=\"elementor-widget-container\">\n\t\t\t\t\t\t\t<div class=\"elementor-divider\">\n\t\t\t<span class=\"elementor-divider-separator\">\n\t\t\t\t\t\t\t<div class=\"elementor-icon elementor-divider__element\">\n\t\t\t\t\t<svg xmlns=\"http:\/\/www.w3.org\/2000\/svg\" height=\"64\" width=\"64\" viewbox=\"0 0 64 64\"><title>horseshoe<\/title><g stroke-linecap=\"square\" stroke-width=\"2\" fill=\"none\" stroke=\"currentColor\" stroke-linejoin=\"miter\" class=\"nc-icon-wrapper\" stroke-miterlimit=\"10\"><path d=\"M32,48c-9.374,0-16-7.626-16-17,0-6.737,2-13,5-23L11,4,8,10l4,2c-2,7-5,13-5,24a25,25,0,0,0,50,0c0-11-3-17-5-24l4-2L53,4,43,8c3,10,5,16.263,5,23C48,40.374,41.374,48,32,48Z\"><\/path><circle cx=\"32\" cy=\"54\" r=\"1.5\" stroke=\"none\" fill=\"currentColor\"><\/circle><circle cx=\"42.5\" cy=\"51.5\" r=\"1.5\" stroke=\"none\" fill=\"currentColor\"><\/circle><circle cx=\"21.5\" cy=\"51.5\" r=\"1.5\" stroke=\"none\" fill=\"currentColor\"><\/circle><circle cx=\"14.5\" cy=\"44.5\" r=\"1.5\" stroke=\"none\" fill=\"currentColor\"><\/circle><circle cx=\"49.5\" cy=\"44.5\" r=\"1.5\" stroke=\"none\" fill=\"currentColor\"><\/circle><\/g><\/svg><\/div>\n\t\t\t\t\t\t<\/span>\n\t\t<\/div>\n\t\t\t\t\t\t<\/div>\n\t\t\t\t<\/div>\n\t\t\t\t<div class=\"elementor-element elementor-element-6177602 elementor-widget elementor-widget-heading\" data-id=\"6177602\" data-element_type=\"widget\" data-e-type=\"widget\" data-widget_type=\"heading.default\">\n\t\t\t\t<div class=\"elementor-widget-container\">\n\t\t\t\t\t<h3 class=\"elementor-heading-title elementor-size-default\">Harmonie und Vertrauen<\/h3>\t\t\t\t<\/div>\n\t\t\t\t<\/div>\n\t\t\t\t<div class=\"elementor-element elementor-element-3c2119a elementor-widget elementor-widget-text-editor\" data-id=\"3c2119a\" data-element_type=\"widget\" data-e-type=\"widget\" data-widget_type=\"text-editor.default\">\n\t\t\t\t<div class=\"elementor-widget-container\">\n\t\t\t\t\t\t\t\t\t<p>Unser Stall ist ein Ort der Harmonie und des Vertrauens, an dem Pferde und Menschen in Einklang miteinander leben und arbeiten. Wir bieten Ihnen eine famili\u00e4re Atmosph\u00e4re, in der Sie sich willkommen und geborgen f\u00fchlen werden.<\/p>\n<p>Durch unsere langj\u00e4hrige Erfahrung im Bereich der nat\u00fcrlichen Pferdeausbildung k\u00f6nnen wir Ihnen eine fundierte und fachkompetente Beratung bieten. Wir stehen Ihnen jederzeit mit Rat und Tat zur Seite, um Ihnen und Ihrem Pferd zu einem harmonischen Miteinander zu verhelfen.<\/p>\n<p>Besuchen Sie uns doch gerne einmal auf unserem Hof und lassen Sie sich von der Magie der Pferde verzaubern.&nbsp;<\/p>\n<p>Wir freuen uns auf Sie!<\/p><p><br><\/p><p>Mercedes und Dolores Condines<\/p>\t\t\t\t\t\t\t\t<\/div>\n\t\t\t\t<\/div>\n\t\t\t\t\t<\/div>\n\t\t\t\t<\/div>\n\t\t<div class=\"elementor-element elementor-element-003e8a9 e-con-full e-ecs-flex e-flex e-con e-parent\" data-id=\"003e8a9\" data-element_type=\"container\" data-e-type=\"container\" data-settings=\"{&quot;ecs_container_type&quot;:&quot;flex&quot;}\">\n\t\t\t\t<div class=\"elementor-element elementor-element-645c438 elementor-widget elementor-widget-image\" data-id=\"645c438\" data-element_type=\"widget\" data-e-type=\"widget\" data-widget_type=\"image.default\">\n\t\t\t\t<div class=\"elementor-widget-container\">\n\t\t\t\t\t\t\t\t\t\t\t\t\t\t\t<img fetchpriority=\"high\" decoding=\"async\" src=\"https:\/\/andaluz-corazon.de\/wp-content\/uploads\/2025\/11\/IMG_7166.jpg\" height=\"3497\" width=\"5880\" class=\"attachment-full size-full wp-image-1374 sp-no-webp\" alt=\"\"> \t\t\t\t\t\t\t\t\t\t\t\t\t\t\t<\/div>\n\t\t\t\t<\/div>\n\t\t\t\t<\/div>\n\t\t<div class=\"elementor-element elementor-element-93adf7b e-ecs-flex e-flex e-con-boxed e-con e-parent\" data-id=\"93adf7b\" data-element_type=\"container\" data-e-type=\"container\" data-settings=\"{&quot;background_background&quot;:&quot;classic&quot;,&quot;ecs_container_type&quot;:&quot;flex&quot;}\">\n\t\t\t\t\t<div class=\"e-con-inner\">\n\t\t\t\t<div class=\"elementor-element elementor-element-37229c5 elementor-widget elementor-widget-heading\" data-id=\"37229c5\" data-element_type=\"widget\" data-e-type=\"widget\" data-widget_type=\"heading.default\">\n\t\t\t\t<div class=\"elementor-widget-container\">\n\t\t\t\t\t<h2 class=\"elementor-heading-title elementor-size-default\">Wir haben es uns zur Aufgabe gemacht, alle Pferde mit\neinem unvergleichlichen Ma\u00df an Leidenschaft, Liebe und\nRespekt zu pflegen.<\/h2>\t\t\t\t<\/div>\n\t\t\t\t<\/div>\n\t\t\t\t\t<\/div>\n\t\t\t\t<\/div>\n\t\t<div class=\"elementor-element elementor-element-7f7494e e-ecs-flex e-flex e-con-boxed e-con e-parent\" data-id=\"7f7494e\" data-element_type=\"container\" data-e-type=\"container\" data-settings=\"{&quot;ecs_container_type&quot;:&quot;flex&quot;}\">\n\t\t\t\t\t<div class=\"e-con-inner\">\n\t\t\t\t<div class=\"elementor-element elementor-element-8d75750 elementor-widget elementor-widget-heading\" data-id=\"8d75750\" data-element_type=\"widget\" data-e-type=\"widget\" data-widget_type=\"heading.default\">\n\t\t\t\t<div class=\"elementor-widget-container\">\n\t\t\t\t\t<h2 class=\"elementor-heading-title elementor-size-default\">Geschichte<\/h2>\t\t\t\t<\/div>\n\t\t\t\t<\/div>\n\t\t\t\t<div class=\"elementor-element elementor-element-66094a0 elementor-widget elementor-widget-text-editor\" data-id=\"66094a0\" data-element_type=\"widget\" data-e-type=\"widget\" data-widget_type=\"text-editor.default\">\n\t\t\t\t<div class=\"elementor-widget-container\">\n\t\t\t\t\t\t\t\t\t<p>Andaluz de Corazon ist ein Familienbetrieb, der von Pferdeenthusiasten ins Leben gerufen wurde, um ihre Leidenschaft f\u00fcr Pferde zu teilen. Der Ursprung von Andaluz de Corazon liegt in den Andalusier-Pferden, die seit Jahrhunderten in Spanien gez\u00fcchtet werden und f\u00fcr ihre Anmut, St\u00e4rke und Intelligenz bekannt sind.<\/p><p>Andaluz de Corazon ist stolz darauf, seinen Kunden die M\u00f6glichkeit zu bieten, aus einer Vielzahl von Pferden zu w\u00e4hlen, die von erfahrenen und kompetenten Z\u00fcchtern gez\u00fcchtet wurden. Sie legen gro\u00dfen Wert darauf, dass ihre Pferde artgerecht gehalten und ausgebildet werden und dass ihre Kunden mit ihrem Pferd eine vertrauensvolle und respektvolle Beziehung aufbauen k\u00f6nnen.<\/p><p>Die Geschichte von Andaluz de Corazon ist gepr\u00e4gt von der Leidenschaft f\u00fcr Pferde und dem Wunsch, anderen Menschen die Freude am Reiten und der Pferdepflege zu vermitteln. Sie sind stolz auf das, was sie bisher erreicht haben und freuen sich auf die Zukunft, in der sie ihre Liebe zu Pferden weiterhin mit anderen teilen k\u00f6nnen.<\/p>\t\t\t\t\t\t\t\t<\/div>\n\t\t\t\t<\/div>\n\t\t\t\t\t<\/div>\n\t\t\t\t<\/div>\n\t\t<div class=\"elementor-element elementor-element-8424247 e-con-full e-ecs-flex e-flex e-con e-parent\" data-id=\"8424247\" data-element_type=\"container\" data-e-type=\"container\" data-settings=\"{&quot;ecs_container_type&quot;:&quot;flex&quot;}\">\n\t\t\t\t<div class=\"elementor-element elementor-element-f117f4a elementor-widget elementor-widget-image\" data-id=\"f117f4a\" data-element_type=\"widget\" data-e-type=\"widget\" data-settings=\"{&quot;motion_fx_motion_fx_scrolling&quot;:&quot;yes&quot;,&quot;motion_fx_translateY_effect&quot;:&quot;yes&quot;,&quot;motion_fx_translateY_affectedRange&quot;:{&quot;unit&quot;:&quot;%&quot;,&quot;size&quot;:&quot;&quot;,&quot;sizes&quot;:{&quot;start&quot;:53,&quot;end&quot;:100}},&quot;motion_fx_scale_effect&quot;:&quot;yes&quot;,&quot;motion_fx_scale_range&quot;:{&quot;unit&quot;:&quot;%&quot;,&quot;size&quot;:&quot;&quot;,&quot;sizes&quot;:{&quot;start&quot;:0,&quot;end&quot;:100}},&quot;motion_fx_devices&quot;:[&quot;desktop&quot;],&quot;motion_fx_translateY_speed&quot;:{&quot;unit&quot;:&quot;px&quot;,&quot;size&quot;:4,&quot;sizes&quot;:[]},&quot;motion_fx_scale_direction&quot;:&quot;out-in&quot;,&quot;motion_fx_scale_speed&quot;:{&quot;unit&quot;:&quot;px&quot;,&quot;size&quot;:4,&quot;sizes&quot;:[]}}\" data-widget_type=\"image.default\">\n\t\t\t\t<div class=\"elementor-widget-container\">\n\t\t\t\t\t\t\t\t\t\t\t\t\t\t\t<img decoding=\"async\" src=\"https:\/\/andaluz-corazon.de\/wp-content\/uploads\/2025\/11\/IMG_7755.jpg\" height=\"3349\" width=\"4428\" class=\"attachment-full size-full wp-image-1375 sp-no-webp\" alt=\"\"> \t\t\t\t\t\t\t\t\t\t\t\t\t\t\t<\/div>\n\t\t\t\t<\/div>\n\t\t\t\t<\/div>\n\t\t\t\t<\/div>","protected":false},"excerpt":{"rendered":"<p>Willkommen bei Andaluz de Corazon &#8211; Der Spanischer Pferdestall &#8211; Wir sind ein Team von Pferdeliebhabern, das es sich zur Aufgabe gemacht hat, eine einzigartige Beziehung zwischen Mensch und Pferd zu schaffen. F\u00fcr uns ist die Arbeit mit Pferden eine Herzensangelegenheit und wir setzen uns jeden Tag mit Leidenschaft und Engagement f\u00fcr das Wohlergehen unserer [&hellip;]<\/p>","protected":false},"author":1,"featured_media":0,"parent":0,"menu_order":0,"comment_status":"closed","ping_status":"closed","template":"","meta":{"_acf_changed":false,"footnotes":""},"class_list":["post-696","page","type-page","status-publish","hentry"],"acf":[],"_links":{"self":[{"href":"https:\/\/andaluz-corazon.de\/es\/wp-json\/wp\/v2\/pages\/696","targetHints":{"allow":["GET"]}}],"collection":[{"href":"https:\/\/andaluz-corazon.de\/es\/wp-json\/wp\/v2\/pages"}],"about":[{"href":"https:\/\/andaluz-corazon.de\/es\/wp-json\/wp\/v2\/types\/page"}],"author":[{"embeddable":true,"href":"https:\/\/andaluz-corazon.de\/es\/wp-json\/wp\/v2\/users\/1"}],"replies":[{"embeddable":true,"href":"https:\/\/andaluz-corazon.de\/es\/wp-json\/wp\/v2\/comments?post=696"}],"version-history":[{"count":25,"href":"https:\/\/andaluz-corazon.de\/es\/wp-json\/wp\/v2\/pages\/696\/revisions"}],"predecessor-version":[{"id":1378,"href":"https:\/\/andaluz-corazon.de\/es\/wp-json\/wp\/v2\/pages\/696\/revisions\/1378"}],"wp:attachment":[{"href":"https:\/\/andaluz-corazon.de\/es\/wp-json\/wp\/v2\/media?parent=696"}],"curies":[{"name":"wp","href":"https:\/\/api.w.org\/{rel}","templated":true}]}}